{"id":833,"date":"2018-11-08T09:21:27","date_gmt":"2018-11-08T08:21:27","guid":{"rendered":"https:\/\/wosip-rohrleitungsbau.de\/?page_id=833"},"modified":"2018-11-08T09:21:27","modified_gmt":"2018-11-08T08:21:27","slug":"datenschutzerklaerung","status":"publish","type":"page","link":"https:\/\/wosip-rohrleitungsbau.de\/en\/datenschutzerklaerung\/","title":{"rendered":"Datenschutzerkl\u00e4rung"},"content":{"rendered":"<p>[vc_section][vc_row dfd_row_responsive_enable=&#8221;dfd-row-responsive-enable&#8221; responsive_styles=&#8221;padding_left_tablet:10|padding_right_tablet:10|padding_left_mobile:10|padding_right_mobile:5&#8243;][vc_column][dfd_heading subtitle=&#8221;&#8221; content_alignment=&#8221;text-left&#8221; enable_delimiter=&#8221;&#8221; undefined=&#8221;&#8221; title_font_options=&#8221;tag:h4&#8243; subtitle_font_options=&#8221;tag:div&#8221;]Datenschutzerkl\u00e4rung[\/dfd_heading][dfd_spacer screen_wide_spacer_size=&#8221;70&#8243; screen_normal_resolution=&#8221;1024&#8243; screen_tablet_resolution=&#8221;800&#8243; screen_mobile_resolution=&#8221;480&#8243; screen_normal_spacer_size=&#8221;50&#8243; screen_tablet_spacer_size=&#8221;40&#8243; screen_mobile_spacer_size=&#8221;20&#8243;][vc_column_text]Verantwortliche Stelle im Sinne der Datenschutzgesetze, insbesondere der EU-Datenschutzgrundverordnung (DSGVO), ist:<\/p>\n<p>WOSIP GmbH<br \/>\nGeorg-Wilhelm-Str 305<br \/>\n21107 Hamburg<\/p>\n<p><strong>Ihre Betroffenenrechte<\/strong><\/p>\n<p>Unter den angegebenen Kontaktdaten unseres Datenschutzbeauftragten k\u00f6nnen Sie jederzeit folgende Rechte aus\u00fcben:<\/p>\n<p>\u2022 Auskunft \u00fcber Ihre bei uns gespeicherten Daten und deren Verarbeitung (Art. 15 DSGVO),<br \/>\n\u2022 Berichtigung unrichtiger personenbezogener Daten (Art. 16 DSGVO),<br \/>\n\u2022 L\u00f6schung Ihrer bei uns gespeicherten Daten (Art. 17 DSGVO),<br \/>\n\u2022 Einschr\u00e4nkung der Datenverarbeitung, sofern wir Ihre Daten aufgrund gesetzlicher Pflichten noch nicht l\u00f6schen d\u00fcrfen (Art. 18 DSGVO),<br \/>\n\u2022 Widerspruch gegen die Verarbeitung Ihrer Daten bei uns (Art. 21 DSGVO) und<br \/>\n\u2022 Daten\u00fcbertragbarkeit, sofern Sie in die Datenverarbeitung eingewilligt haben oder einen Vertrag mit uns abgeschlossen haben (Art. 20 DSGVO).<\/p>\n<p>Sofern Sie uns eine Einwilligung erteilt haben, k\u00f6nnen Sie diese jederzeit mit Wirkung f\u00fcr die Zukunft widerrufen.<\/p>\n<p>Sie k\u00f6nnen sich jederzeit mit einer Beschwerde an eine Aufsichtsbeh\u00f6rde wenden, z. B. an die zust\u00e4ndige Aufsichtsbeh\u00f6rde des Bundeslands Ihres Wohnsitzes oder an die f\u00fcr uns als verantwortliche Stelle zust\u00e4ndige Beh\u00f6rde.<\/p>\n<p>Eine Liste der Aufsichtsbeh\u00f6rden (f\u00fcr den nicht\u00f6ffentlichen Bereich) mit Anschrift finden Sie unter: <span style=\"color: #7b7b7b;\"><a style=\"color: #7b7b7b;\" href=\"https:\/\/www.bfdi.bund.de\/DE\/Infothek\/Anschriften_Links\/anschriften_links-node.html\" target=\"_blank\" rel=\"nofollow noopener\">https:\/\/www.bfdi.bund.de\/DE\/Infothek\/Anschriften_Links\/anschriften_links-node.html<\/a><\/span>.<\/p>\n<p><strong>Erfassung allgemeiner Informationen beim Besuch unserer Website<\/strong><br \/>\n<strong>Art und Zweck der Verarbeitung:<\/strong><\/p>\n<p>Wenn Sie auf unsere Website zugreifen, d.h., wenn Sie sich nicht registrieren oder anderweitig Informationen \u00fcbermitteln, werden automatisch Informationen allgemeiner Natur erfasst. Diese Informationen (Server-Logfiles) beinhalten etwa die Art des Webbrowsers, das verwendete Betriebssystem, den Domainnamen Ihres Internet-Service-Providers, Ihre IP-Adresse und \u00e4hnliches.<\/p>\n<p>Sie werden insbesondere zu folgenden Zwecken verarbeitet:<\/p>\n<p>\u2022 Sicherstellung eines problemlosen Verbindungsaufbaus der Website,<br \/>\n\u2022 Sicherstellung einer reibungslosen Nutzung unserer Website,<br \/>\n\u2022 Auswertung der Systemsicherheit und -stabilit\u00e4t sowie<br \/>\n\u2022 zu weiteren administrativen Zwecken.<\/p>\n<p>Wir verwenden Ihre Daten nicht, um R\u00fcckschl\u00fcsse auf Ihre Person zu ziehen. Informationen dieser Art werden von uns ggfs. statistisch ausgewertet, um unseren Internetauftritt und die dahinterstehende Technik zu optimieren.<\/p>\n<p><strong>Rechtsgrundlage:<\/strong><\/p>\n<p>Die Verarbeitung erfolgt gem\u00e4\u00df Art. 6 Abs. 1 lit. f DSGVO auf Basis unseres berechtigten Interesses an der Verbesserung der Stabilit\u00e4t und Funktionalit\u00e4t unserer Website.<\/p>\n<p><strong>Empf\u00e4nger:<\/strong><\/p>\n<p>Empf\u00e4nger der Daten sind ggf. technische Dienstleister, die f\u00fcr den Betrieb und die Wartung unserer Webseite als Auftragsverarbeiter t\u00e4tig werden.<\/p>\n<p><strong>Speicherdauer:<\/strong><\/p>\n<p>Die Daten werden gel\u00f6scht, sobald diese f\u00fcr den Zweck der Erhebung nicht mehr erforderlich sind. Dies ist f\u00fcr die Daten, die der Bereitstellung der Webseite dienen, grunds\u00e4tzlich der Fall, wenn die jeweilige Sitzung beendet ist.<\/p>\n<p><strong>Bereitstellung vorgeschrieben oder erforderlich:<\/strong><\/p>\n<p>Die Bereitstellung der vorgenannten personenbezogenen Daten ist weder gesetzlich noch vertraglich vorgeschrieben. Ohne die IP-Adresse ist jedoch der Dienst und die Funktionsf\u00e4higkeit unserer Website nicht gew\u00e4hrleistet. Zudem k\u00f6nnen einzelne Dienste und Services nicht verf\u00fcgbar oder eingeschr\u00e4nkt sein. Aus diesem Grund ist ein Widerspruch ausgeschlossen.<\/p>\n<p><strong>Verwendung von Scriptbibliotheken (Google Webfonts)<\/strong><br \/>\n<strong>Art und Zweck der Verarbeitung:<\/strong><\/p>\n<p>Um unsere Inhalte browser\u00fcbergreifend korrekt und grafisch ansprechend darzustellen, verwenden wir auf dieser Website \u201eGoogle Web Fonts\u201c der Google LLC (1600 Amphitheatre Parkway, Mountain View, CA 94043, USA; nachfolgend \u201eGoogle\u201c) zur Darstellung von Schriften.<\/p>\n<p>Die Datenschutzrichtlinie des Bibliothekbetreibers Google finden Sie hier: <span style=\"color: #7b7b7b;\"><a style=\"color: #7b7b7b;\" href=\"https:\/\/www.google.com\/policies\/privacy\/\">https:\/\/www.google.com\/policies\/privacy\/<\/a><\/span><\/p>\n<p><strong>Rechtsgrundlage:<\/strong><\/p>\n<p>Rechtsgrundlage f\u00fcr die Einbindung von Google Webfonts und dem damit verbundenen Datentransfer zu Google ist Ihre Einwilligung (Art. 6 Abs. 1 lit. a DSGVO).<\/p>\n<p><strong>Empf\u00e4nger:<\/strong><\/p>\n<p>Der Aufruf von Scriptbibliotheken oder Schriftbibliotheken l\u00f6st automatisch eine Verbindung zum Betreiber der Bibliothek aus. Dabei ist es theoretisch m\u00f6glich \u2013 aktuell allerdings auch unklar ob und ggf. zu welchen Zwecken \u2013 dass der Betreiber in diesem Fall Google Daten erhebt.<\/p>\n<p><strong>Speicherdauer:<\/strong><\/p>\n<p>Wir erheben keine personenbezogenen Daten, durch die Einbindung von Google Webfonts.<br \/>\nWeitere Informationen zu Google Web Fonts finden Sie unter <span style=\"color: #7b7b7b;\"><a style=\"color: #7b7b7b;\" href=\"https:\/\/developers.google.com\/fonts\/faq\">https:\/\/developers.google.com\/fonts\/faq<\/a><\/span> und in der Datenschutzerkl\u00e4rung von Google: <span style=\"color: #7b7b7b;\"><a style=\"color: #7b7b7b;\" href=\"https:\/\/www.google.com\/policies\/privacy\/\">https:\/\/www.google.com\/policies\/privacy\/<\/a>.<\/span><\/p>\n<p><strong>Drittlandtransfer:<\/strong><\/p>\n<p>Google verarbeitet Ihre Daten in den USA und hat sich dem EU_US Privacy Shield unterworfen <span style=\"color: #7b7b7b;\"><a style=\"color: #7b7b7b;\" href=\"https:\/\/www.privacyshield.gov\/EU-US-Framework\">https:\/\/www.privacyshield.gov\/EU-US-Framework<\/a><\/span>.<\/p>\n<p><strong>Bereitstellung vorgeschrieben oder erforderlich:<\/strong><\/p>\n<p>Die Bereitstellung der personenbezogenen Daten ist weder gesetzlich, noch vertraglich vorgeschrieben. Allerdings kann ohne die korrekte Darstellung der Inhalte von Standardschriften nicht erm\u00f6glicht werden.<\/p>\n<p><strong>Widerruf der Einwilligung:<\/strong><\/p>\n<p>Zur Darstellung der Inhalte wird regelm\u00e4\u00dfig die Programmiersprache JavaScript verwendet. Sie k\u00f6nnen der Datenverarbeitung daher widersprechen, indem Sie die Ausf\u00fchrung von JavaScript in Ihrem Browser deaktivieren oder einen Einbindung JavaScript-Blocker installieren. Bitte beachten Sie, dass es hierdurch zu Funktionseinschr\u00e4nkungen auf der Website kommen kann.<\/p>\n<p><strong>SSL-Verschl\u00fcsselung<\/strong><\/p>\n<p>Um die Sicherheit Ihrer Daten bei der \u00dcbertragung zu sch\u00fctzen, verwenden wir dem aktuellen Stand der Technik entsprechende Verschl\u00fcsselungsverfahren (z. B. SSL) \u00fcber HTTPS.<\/p>\n<p><strong>\u00c4nderung unserer Datenschutzbestimmungen<\/strong><\/p>\n<p>Wir behalten uns vor, diese Datenschutzerkl\u00e4rung anzupassen, damit sie stets den aktuellen rechtlichen Anforderungen entspricht oder um \u00c4nderungen unserer Leistungen in der Datenschutzerkl\u00e4rung umzusetzen, z.B. bei der Einf\u00fchrung neuer Services. F\u00fcr Ihren erneuten Besuch gilt dann die neue Datenschutzerkl\u00e4rung.<\/p>\n<p><strong>Fragen an den Datenschutzbeauftragten<\/strong><\/p>\n<p>Wenn Sie Fragen zum Datenschutz haben, schreiben Sie uns bitte eine E-Mail oder wenden Sie sich direkt an die f\u00fcr den Datenschutz verantwortliche Person in unserer Organisation:<\/p>\n<p>WOSIP GmbH<br \/>\nGeorg-Wilhelm-Str 305<br \/>\n21107 Hamburg<\/p>\n<p>Telefon: 040-317 051 92<br \/>\ninfo@wosip-rohrleitungsbau.de<\/p>\n<p><em>Die Datenschutzerkl\u00e4rung wurde mit dem <\/em><em><span style=\"color: #7b7b7b;\"><a style=\"color: #7b7b7b;\" href=\"https:\/\/www.activemind.de\/datenschutz\/datenschutzhinweis-generator\/\" target=\"_blank\" rel=\"noopener\">Datenschutzerkl\u00e4rungs-Generator der activeMind AG erstellt<\/a> <\/span>(Version 2018-09-24).<\/em>[\/vc_column_text][dfd_spacer screen_wide_spacer_size=&#8221;200&#8243; screen_normal_resolution=&#8221;1024&#8243; screen_tablet_resolution=&#8221;800&#8243; screen_mobile_resolution=&#8221;480&#8243; screen_normal_spacer_size=&#8221;100&#8243; screen_tablet_spacer_size=&#8221;60&#8243; screen_mobile_spacer_size=&#8221;20&#8243;][\/vc_column][\/vc_row][\/vc_section][vc_row dfd_row_config=&#8221;full_width_content&#8221; dfd_bg_style=&#8221;gradient&#8221; dfd_row_responsive_enable=&#8221;dfd-row-responsive-enable&#8221; css=&#8221;.vc_custom_1539770864385{margin-right: -100% !important;margin-left: -100% !important;padding-top: 150px !important;padding-bottom: 200px !important;}&#8221; dfd_bg_grad=&#8221;gradient_style:top|gradient_css:background%3A%20url(data%3Aimage%2Fsvg%2Bxml%3Bbase64%2CPHN2ZyB4bWxucz0iaHR0cDovL3d3dy53My5vcmcvMjAwMC9zdmciPjxkZWZzPjxsaW5lYXJHcmFkaWVudCBpZD0iZ3JhZGllbnQiIHgxPSIwJSIgeTE9IjAlIiB4Mj0iMCUiIHkyPSIxMDAlIj48c3RvcCBvZmZzZXQ9IjAlIiBzdHlsZT0ic3RvcC1jb2xvcjojMDA3QUMwOyIgLz48c3RvcCBvZmZzZXQ9IjEwMCUiIHN0eWxlPSJzdG9wLWNvbG9yOiNGRkZGRkY7IiAvPjwvbGluZWFyR3JhZGllbnQ%2BPC9kZWZzPjxyZWN0IGZpbGw9InVybCgjZ3JhZGllbnQpIiBoZWlnaHQ9IjEwMCUiIHdpZHRoPSIxMDAlIiAvPjwvc3ZnPg%3D%3D)%3B%0Abackground%3A%20-webkit-gradient(linear%2C%20left%20top%2C%20left%20bottom%2C%20color-stop(0%25%2C%20%23007AC0)%2C%20color-stop(100%25%2C%20%23FFFFFF))%3B%0Abackground%3A%20-moz-linear-gradient(top%2C%23007AC0%200%25%2C%23FFFFFF%20100%25)%3B%0Abackground%3A%20-webkit-linear-gradient(top%2C%23007AC0%200%25%2C%23FFFFFF%20100%25)%3B%0Abackground%3A%20-o-linear-gradient(top%2C%23007AC0%200%25%2C%23FFFFFF%20100%25)%3B%0Abackground%3A%20-ms-linear-gradient(top%2C%23007AC0%200%25%2C%23FFFFFF%20100%25)%3B%0Abackground%3A%20linear-gradient(top%2C%23007AC0%200%25%2C%23FFFFFF%20100%25)%3B|gradient_value:0%25%20%23007AC0%2C100%25%20%23FFFFFF&#8221;][vc_column][vc_row_inner][vc_column_inner col_inner_shadow=&#8221;box_shadow_enable:disable|shadow_horizontal:0|shadow_vertical:15|shadow_blur:50|shadow_spread:0|box_shadow_color:rgba(0%2C0%2C0%2C0.35)&#8221; col_inner_shadow_hover=&#8221;box_shadow_enable:disable|shadow_horizontal:0|shadow_vertical:15|shadow_blur:50|shadow_spread:0|box_shadow_color:rgba(0%2C0%2C0%2C0.35)&#8221; css=&#8221;.vc_custom_1539764458502{margin-top: -120px !important;}&#8221;][vc_column_text]<\/p>\n<p style=\"text-align: center;\"><a style=\"color: #fff;\" href=\"\/impressum\/\">Impressum<\/a> <span style=\"color: #ffffff;\">|<\/span> <a style=\"color: #fff;\" href=\"\/datenschutzerklaerung\/\">Datenschutz<\/a><\/p>\n<p>[\/vc_column_text][\/vc_column_inner][\/vc_row_inner][\/vc_column][\/vc_row]<\/p>\n","protected":false},"excerpt":{"rendered":"<p>[vc_section][vc_row dfd_row_responsive_enable=&#8221;dfd-row-responsive-enable&#8221; responsive_styles=&#8221;padding_left_tablet:10|padding_right_tablet:10|padding_left_mobile:10|padding_right_mobile:5&#8243;][vc_column][dfd_heading subtitle=&#8221;&#8221; content_alignment=&#8221;text-left&#8221; enable_delimiter=&#8221;&#8221; undefined=&#8221;&#8221; title_font_options=&#8221;tag:h4&#8243; subtitle_font_options=&#8221;tag:div&#8221;]Datenschutzerkl\u00e4rung[\/dfd_heading][dfd_spacer screen_wide_spacer_size=&#8221;70&#8243; screen_normal_resolution=&#8221;1024&#8243; screen_tablet_resolution=&#8221;800&#8243; screen_mobile_resolution=&#8221;480&#8243; screen_normal_spacer_size=&#8221;50&#8243; screen_tablet_spacer_size=&#8221;40&#8243; screen_mobile_spacer_size=&#8221;20&#8243;][vc_column_text]Verantwortliche Stelle im Sinne der Datenschutzgesetze, insbesondere der EU-Datenschutzgrundverordnung (DSGVO), ist: WOSIP GmbH Georg-Wilhelm-Str 305<\/p>\n","protected":false},"author":2,"featured_media":0,"parent":0,"menu_order":0,"comment_status":"closed","ping_status":"open","template":"","meta":[],"_links":{"self":[{"href":"https:\/\/wosip-rohrleitungsbau.de\/en\/wp-json\/wp\/v2\/pages\/833"}],"collection":[{"href":"https:\/\/wosip-rohrleitungsbau.de\/en\/wp-json\/wp\/v2\/pages"}],"about":[{"href":"https:\/\/wosip-rohrleitungsbau.de\/en\/wp-json\/wp\/v2\/types\/page"}],"author":[{"embeddable":true,"href":"https:\/\/wosip-rohrleitungsbau.de\/en\/wp-json\/wp\/v2\/users\/2"}],"replies":[{"embeddable":true,"href":"https:\/\/wosip-rohrleitungsbau.de\/en\/wp-json\/wp\/v2\/comments?post=833"}],"version-history":[{"count":2,"href":"https:\/\/wosip-rohrleitungsbau.de\/en\/wp-json\/wp\/v2\/pages\/833\/revisions"}],"predecessor-version":[{"id":835,"href":"https:\/\/wosip-rohrleitungsbau.de\/en\/wp-json\/wp\/v2\/pages\/833\/revisions\/835"}],"wp:attachment":[{"href":"https:\/\/wosip-rohrleitungsbau.de\/en\/wp-json\/wp\/v2\/media?parent=833"}],"curies":[{"name":"wp","href":"https:\/\/api.w.org\/{rel}","templated":true}]}}