{"id":243,"date":"2018-10-05T12:43:19","date_gmt":"2018-10-05T10:43:19","guid":{"rendered":"http:\/\/neu.wosip-rohrleitungsbau.de\/beispiel-seite\/"},"modified":"2018-11-07T12:47:16","modified_gmt":"2018-11-07T11:47:16","slug":"beispiel-seite","status":"publish","type":"page","link":"https:\/\/wosip-rohrleitungsbau.de\/pl\/","title":{"rendered":"Wosip-Home"},"content":{"rendered":"<p>[vc_row dfd_row_responsive_enable=&#8221;dfd-row-responsive-enable&#8221; responsive_styles=&#8221;padding_left_tablet:10|padding_right_tablet:10|padding_left_mobile:10|padding_right_mobile:5&#8243;][vc_column][dfd_heading subtitle=&#8221;&#8221; content_alignment=&#8221;text-left&#8221; enable_delimiter=&#8221;&#8221; undefined=&#8221;&#8221; title_font_options=&#8221;tag:h4&#8243; subtitle_font_options=&#8221;tag:div&#8221;]Witamy na stronie internetowej WOSIP \u2013 Konstrukcja zbiornik\u00f3w i przewod\u00f3w rurowych Hamburg[\/dfd_heading][vc_column_text]Naszym zadaniem jest wykonywanie indywidualnych zlece\u0144 na zbiorniki i przewody rurowe dla potrzeb przemys\u0142u. W ostatnich latach wypracowali\u015bmy sobie szczeg\u00f3lny \u201eknow-how\u201d, kt\u00f3ry stanowi podstaw\u0119 dzisiejszych sukces\u00f3w.<br \/>\nJako cel postawili\u015bmy sobie realizacj\u0119 potrzeb i \u017cycze\u0144 klient\u00f3w w spos\u00f3b budz\u0105cy ich najwy\u017csze zadowolenie.<\/p>\n<h4>W ramach us\u0142ug wykonujemy:<\/h4>\n<p>[\/vc_column_text][dfd_spacer screen_wide_spacer_size=&#8221;6&#8243; screen_normal_resolution=&#8221;1024&#8243; screen_tablet_resolution=&#8221;800&#8243; screen_mobile_resolution=&#8221;480&#8243; screen_normal_spacer_size=&#8221;6&#8243; screen_tablet_spacer_size=&#8221;6&#8243; screen_mobile_spacer_size=&#8221;6&#8243;][vc_row_inner][vc_column_inner width=&#8221;1\/2&#8243;][vc_column_text]\u2022 Produkcj\u0119 i monta\u017c konstrukcji rurowych<br \/>\n\u2022 Monta\u017c i rozruch zamontowanych urz\u0105dze\u0144[\/vc_column_text][\/vc_column_inner][vc_column_inner width=&#8221;1\/2&#8243;][vc_column_text]\u2022 zbiornik\u00f3w i urz\u0105dze\u0144 przemys\u0142owych<br \/>\n\u2022 modernizacji i rozbudowy istniej\u0105cych urz\u0105dze\u0144 przemys\u0142owych[\/vc_column_text][\/vc_column_inner][\/vc_row_inner][dfd_spacer screen_wide_spacer_size=&#8221;30&#8243; screen_normal_resolution=&#8221;1024&#8243; screen_tablet_resolution=&#8221;800&#8243; screen_mobile_resolution=&#8221;480&#8243;][dfd_single_image image_alignment=&#8221;image-left&#8221; image=&#8221;68&#8243;][dfd_spacer screen_wide_spacer_size=&#8221;60&#8243; screen_normal_resolution=&#8221;1024&#8243; screen_tablet_resolution=&#8221;800&#8243; screen_mobile_resolution=&#8221;480&#8243; screen_normal_spacer_size=&#8221;20&#8243; screen_tablet_spacer_size=&#8221;10&#8243; screen_mobile_spacer_size=&#8221;5&#8243;][dfd_simple_image_gallery dfd_layer_image=&#8221;59,65,62&#8243; items_offset=&#8221;20&#8243; lightbox=&#8221;&#8221; image_width=&#8221;&#8221; image_height=&#8221;&#8221; isotope_columns=&#8221;3&#8243; images_style=&#8221;fitRows&#8221;][dfd_spacer screen_wide_spacer_size=&#8221;200&#8243; screen_normal_resolution=&#8221;1024&#8243; screen_tablet_resolution=&#8221;800&#8243; screen_mobile_resolution=&#8221;480&#8243; screen_normal_spacer_size=&#8221;100&#8243; screen_tablet_spacer_size=&#8221;60&#8243; screen_mobile_spacer_size=&#8221;20&#8243;][\/vc_column][\/vc_row]<\/p>\n","protected":false},"excerpt":{"rendered":"<p>[vc_row dfd_row_responsive_enable=&#8221;dfd-row-responsive-enable&#8221; responsive_styles=&#8221;padding_left_tablet:10|padding_right_tablet:10|padding_left_mobile:10|padding_right_mobile:5&#8243;][vc_column][dfd_heading subtitle=&#8221;&#8221; content_alignment=&#8221;text-left&#8221; enable_delimiter=&#8221;&#8221; undefined=&#8221;&#8221; title_font_options=&#8221;tag:h4&#8243; subtitle_font_options=&#8221;tag:div&#8221;]Witamy na stronie internetowej WOSIP \u2013 Konstrukcja zbiornik\u00f3w i przewod\u00f3w rurowych Hamburg[\/dfd_heading][vc_column_text]Naszym zadaniem jest wykonywanie indywidualnych zlece\u0144 na zbiorniki i przewody rurowe<\/p>\n","protected":false},"author":2,"featured_media":0,"parent":0,"menu_order":0,"comment_status":"closed","ping_status":"open","template":"","meta":[],"_links":{"self":[{"href":"https:\/\/wosip-rohrleitungsbau.de\/pl\/wp-json\/wp\/v2\/pages\/243"}],"collection":[{"href":"https:\/\/wosip-rohrleitungsbau.de\/pl\/wp-json\/wp\/v2\/pages"}],"about":[{"href":"https:\/\/wosip-rohrleitungsbau.de\/pl\/wp-json\/wp\/v2\/types\/page"}],"author":[{"embeddable":true,"href":"https:\/\/wosip-rohrleitungsbau.de\/pl\/wp-json\/wp\/v2\/users\/2"}],"replies":[{"embeddable":true,"href":"https:\/\/wosip-rohrleitungsbau.de\/pl\/wp-json\/wp\/v2\/comments?post=243"}],"version-history":[{"count":12,"href":"https:\/\/wosip-rohrleitungsbau.de\/pl\/wp-json\/wp\/v2\/pages\/243\/revisions"}],"predecessor-version":[{"id":735,"href":"https:\/\/wosip-rohrleitungsbau.de\/pl\/wp-json\/wp\/v2\/pages\/243\/revisions\/735"}],"wp:attachment":[{"href":"https:\/\/wosip-rohrleitungsbau.de\/pl\/wp-json\/wp\/v2\/media?parent=243"}],"curies":[{"name":"wp","href":"https:\/\/api.w.org\/{rel}","templated":true}]}}