{"id":251,"date":"2018-10-05T14:14:18","date_gmt":"2018-10-05T12:14:18","guid":{"rendered":"http:\/\/neu.wosip-rohrleitungsbau.de\/ueber-uns\/"},"modified":"2018-11-07T12:43:55","modified_gmt":"2018-11-07T11:43:55","slug":"o-nas","status":"publish","type":"page","link":"https:\/\/wosip-rohrleitungsbau.de\/pl\/o-nas\/","title":{"rendered":"O nas"},"content":{"rendered":"<p>[vc_section][vc_row dfd_row_responsive_enable=&#8221;dfd-row-responsive-enable&#8221; responsive_styles=&#8221;padding_left_tablet:10|padding_right_tablet:10|padding_left_mobile:10|padding_right_mobile:5&#8243;][vc_column][dfd_heading subtitle=&#8221;&#8221; content_alignment=&#8221;text-left&#8221; enable_delimiter=&#8221;&#8221; undefined=&#8221;&#8221; title_font_options=&#8221;tag:h4&#8243; subtitle_font_options=&#8221;tag:div&#8221;]O nas[\/dfd_heading][dfd_spacer screen_wide_spacer_size=&#8221;70&#8243; screen_normal_resolution=&#8221;1024&#8243; screen_tablet_resolution=&#8221;800&#8243; screen_mobile_resolution=&#8221;480&#8243; screen_normal_spacer_size=&#8221;50&#8243; screen_tablet_spacer_size=&#8221;40&#8243; screen_mobile_spacer_size=&#8221;20&#8243;][vc_column_text]Jeste\u015bmy ma\u0142ym, wysoko wykwalifikowanym przedsi\u0119biorstwem, kt\u00f3re dzia\u0142a ju\u017c od 6 lat jako podwykonawca r\u00f3\u017cnych firm. Dla nas liczy si\u0119 przede wszystkim jako\u015b\u0107.<\/p>\n<p>Gwarantujemy\u00a0 wysok\u0105 jako\u015b\u0107 przy wykonaniu przewod\u00f3w rurowych, zbiornik\u00f3w, aparat\u00f3w, konstrukcji przemys\u0142owych. Dzi\u0119ki do\u015bwiadczeniu zebranemu w r\u00f3\u017cnych bran\u017cach, gwarantujemy szerok\u0105 palet\u0119 \u015bwiadcze\u0144.<\/p>\n<p>Nasi wsp\u00f3\u0142pracownicy dysponuj\u0105 nadzwyczajnymi technicznymi i rzemie\u015blniczymi umiej\u0119tno\u015bciami. Nawet trudne warunki zewn\u0119trzne nie maj\u0105 wp\u0142ywu na punktualne i warto\u015bciowe pod wzgl\u0119dem jako\u015bci wykonanie prac zleconych. Potrafimy obs\u0142u\u017cy\u0107 wszystkie potrzebne maszyny warsztatowe, jak np. gi\u0119tarki rurowe, profilowe, maszyny do ukosowania\/fazowania, tokarki i frezarki.<br \/>\nWci\u0105\u017c pracujemy nad popraw\u0105 jako\u015bci i poszerzeniem palet\u0119 naszych \u015bwiadcze\u0144. Nasza wiedza i do\u015bwiadczenie przyrastaj\u0105\u00a0 wraz\u00a0\u00a0 z nowymi zadaniami.[\/vc_column_text][dfd_spacer screen_wide_spacer_size=&#8221;30&#8243; screen_normal_resolution=&#8221;1024&#8243; screen_tablet_resolution=&#8221;800&#8243; screen_mobile_resolution=&#8221;480&#8243; screen_normal_spacer_size=&#8221;20&#8243; screen_tablet_spacer_size=&#8221;10&#8243; screen_mobile_spacer_size=&#8221;5&#8243;][dfd_simple_image_gallery dfd_layer_image=&#8221;95,101,98&#8243; items_offset=&#8221;20&#8243; lightbox=&#8221;&#8221; image_width=&#8221;&#8221; image_height=&#8221;&#8221; isotope_columns=&#8221;3&#8243; images_style=&#8221;fitRows&#8221;][dfd_spacer screen_wide_spacer_size=&#8221;200&#8243; screen_normal_resolution=&#8221;1024&#8243; screen_tablet_resolution=&#8221;800&#8243; screen_mobile_resolution=&#8221;480&#8243; screen_normal_spacer_size=&#8221;100&#8243; screen_tablet_spacer_size=&#8221;60&#8243; screen_mobile_spacer_size=&#8221;20&#8243;][\/vc_column][\/vc_row][\/vc_section]<\/p>\n","protected":false},"excerpt":{"rendered":"<p>[vc_section][vc_row dfd_row_responsive_enable=&#8221;dfd-row-responsive-enable&#8221; responsive_styles=&#8221;padding_left_tablet:10|padding_right_tablet:10|padding_left_mobile:10|padding_right_mobile:5&#8243;][vc_column][dfd_heading subtitle=&#8221;&#8221; content_alignment=&#8221;text-left&#8221; enable_delimiter=&#8221;&#8221; undefined=&#8221;&#8221; title_font_options=&#8221;tag:h4&#8243; subtitle_font_options=&#8221;tag:div&#8221;]O nas[\/dfd_heading][dfd_spacer screen_wide_spacer_size=&#8221;70&#8243; screen_normal_resolution=&#8221;1024&#8243; screen_tablet_resolution=&#8221;800&#8243; screen_mobile_resolution=&#8221;480&#8243; screen_normal_spacer_size=&#8221;50&#8243; screen_tablet_spacer_size=&#8221;40&#8243; screen_mobile_spacer_size=&#8221;20&#8243;][vc_column_text]Jeste\u015bmy ma\u0142ym, wysoko wykwalifikowanym przedsi\u0119biorstwem, kt\u00f3re dzia\u0142a ju\u017c od 6 lat jako podwykonawca r\u00f3\u017cnych<\/p>\n","protected":false},"author":2,"featured_media":0,"parent":0,"menu_order":0,"comment_status":"closed","ping_status":"closed","template":"","meta":[],"_links":{"self":[{"href":"https:\/\/wosip-rohrleitungsbau.de\/pl\/wp-json\/wp\/v2\/pages\/251"}],"collection":[{"href":"https:\/\/wosip-rohrleitungsbau.de\/pl\/wp-json\/wp\/v2\/pages"}],"about":[{"href":"https:\/\/wosip-rohrleitungsbau.de\/pl\/wp-json\/wp\/v2\/types\/page"}],"author":[{"embeddable":true,"href":"https:\/\/wosip-rohrleitungsbau.de\/pl\/wp-json\/wp\/v2\/users\/2"}],"replies":[{"embeddable":true,"href":"https:\/\/wosip-rohrleitungsbau.de\/pl\/wp-json\/wp\/v2\/comments?post=251"}],"version-history":[{"count":11,"href":"https:\/\/wosip-rohrleitungsbau.de\/pl\/wp-json\/wp\/v2\/pages\/251\/revisions"}],"predecessor-version":[{"id":726,"href":"https:\/\/wosip-rohrleitungsbau.de\/pl\/wp-json\/wp\/v2\/pages\/251\/revisions\/726"}],"wp:attachment":[{"href":"https:\/\/wosip-rohrleitungsbau.de\/pl\/wp-json\/wp\/v2\/media?parent=251"}],"curies":[{"name":"wp","href":"https:\/\/api.w.org\/{rel}","templated":true}]}}