{"id":258,"date":"2018-10-05T14:13:52","date_gmt":"2018-10-05T12:13:52","guid":{"rendered":"http:\/\/neu.wosip-rohrleitungsbau.de\/quality\/"},"modified":"2018-11-07T12:42:36","modified_gmt":"2018-11-07T11:42:36","slug":"jakosc","status":"publish","type":"page","link":"https:\/\/wosip-rohrleitungsbau.de\/pl\/jakosc\/","title":{"rendered":"Jako\u015b\u0107"},"content":{"rendered":"<p>[vc_section][vc_row dfd_row_responsive_enable=&#8221;dfd-row-responsive-enable&#8221; responsive_styles=&#8221;padding_left_tablet:10|padding_right_tablet:10|padding_left_mobile:10|padding_right_mobile:5&#8243;][vc_column][dfd_heading subtitle=&#8221;&#8221; content_alignment=&#8221;text-left&#8221; enable_delimiter=&#8221;&#8221; undefined=&#8221;&#8221; title_font_options=&#8221;tag:h4&#8243; subtitle_font_options=&#8221;tag:div&#8221;]Jako\u015b\u0107 na najwy\u017cszym poziomie bezpiecze\u0144stwa[\/dfd_heading][dfd_spacer screen_wide_spacer_size=&#8221;70&#8243; screen_normal_resolution=&#8221;1024&#8243; screen_tablet_resolution=&#8221;800&#8243; screen_mobile_resolution=&#8221;480&#8243; screen_normal_spacer_size=&#8221;50&#8243; screen_tablet_spacer_size=&#8221;40&#8243; screen_mobile_spacer_size=&#8221;20&#8243;][vc_column_text]Spoiny i prace spawalnicze wykonujemy zgodnie z jako\u015bci\u0105 normy niemieckiej DIN EN 287-1.<br \/>\nWykonane przez na spawy posiadaj\u0105 certyfikat wed\u0142ug normy niemieckiej DIN EN 28, Dyrektywa 97\/23\/EG, AD og\u0142oszona\u00a0 w Merkblat HP3.[\/vc_column_text][dfd_spacer screen_wide_spacer_size=&#8221;30&#8243; screen_normal_resolution=&#8221;1024&#8243; screen_tablet_resolution=&#8221;800&#8243; screen_mobile_resolution=&#8221;480&#8243; screen_normal_spacer_size=&#8221;20&#8243; screen_tablet_spacer_size=&#8221;10&#8243; screen_mobile_spacer_size=&#8221;5&#8243;][dfd_simple_image_gallery dfd_layer_image=&#8221;155,146,80&#8243; items_offset=&#8221;20&#8243; lightbox=&#8221;&#8221; image_width=&#8221;&#8221; image_height=&#8221;&#8221; isotope_columns=&#8221;3&#8243; images_style=&#8221;fitRows&#8221;][dfd_spacer screen_wide_spacer_size=&#8221;200&#8243; screen_normal_resolution=&#8221;1024&#8243; screen_tablet_resolution=&#8221;800&#8243; screen_mobile_resolution=&#8221;480&#8243; screen_normal_spacer_size=&#8221;100&#8243; screen_tablet_spacer_size=&#8221;60&#8243; screen_mobile_spacer_size=&#8221;20&#8243;][\/vc_column][\/vc_row][\/vc_section]<\/p>\n","protected":false},"excerpt":{"rendered":"<p>[vc_section][vc_row dfd_row_responsive_enable=&#8221;dfd-row-responsive-enable&#8221; responsive_styles=&#8221;padding_left_tablet:10|padding_right_tablet:10|padding_left_mobile:10|padding_right_mobile:5&#8243;][vc_column][dfd_heading subtitle=&#8221;&#8221; content_alignment=&#8221;text-left&#8221; enable_delimiter=&#8221;&#8221; undefined=&#8221;&#8221; title_font_options=&#8221;tag:h4&#8243; subtitle_font_options=&#8221;tag:div&#8221;]Jako\u015b\u0107 na najwy\u017cszym poziomie bezpiecze\u0144stwa[\/dfd_heading][dfd_spacer screen_wide_spacer_size=&#8221;70&#8243; screen_normal_resolution=&#8221;1024&#8243; screen_tablet_resolution=&#8221;800&#8243; screen_mobile_resolution=&#8221;480&#8243; screen_normal_spacer_size=&#8221;50&#8243; screen_tablet_spacer_size=&#8221;40&#8243; screen_mobile_spacer_size=&#8221;20&#8243;][vc_column_text]Spoiny i prace spawalnicze wykonujemy zgodnie z jako\u015bci\u0105 normy niemieckiej DIN<\/p>\n","protected":false},"author":2,"featured_media":0,"parent":0,"menu_order":0,"comment_status":"closed","ping_status":"closed","template":"","meta":[],"_links":{"self":[{"href":"https:\/\/wosip-rohrleitungsbau.de\/pl\/wp-json\/wp\/v2\/pages\/258"}],"collection":[{"href":"https:\/\/wosip-rohrleitungsbau.de\/pl\/wp-json\/wp\/v2\/pages"}],"about":[{"href":"https:\/\/wosip-rohrleitungsbau.de\/pl\/wp-json\/wp\/v2\/types\/page"}],"author":[{"embeddable":true,"href":"https:\/\/wosip-rohrleitungsbau.de\/pl\/wp-json\/wp\/v2\/users\/2"}],"replies":[{"embeddable":true,"href":"https:\/\/wosip-rohrleitungsbau.de\/pl\/wp-json\/wp\/v2\/comments?post=258"}],"version-history":[{"count":12,"href":"https:\/\/wosip-rohrleitungsbau.de\/pl\/wp-json\/wp\/v2\/pages\/258\/revisions"}],"predecessor-version":[{"id":723,"href":"https:\/\/wosip-rohrleitungsbau.de\/pl\/wp-json\/wp\/v2\/pages\/258\/revisions\/723"}],"wp:attachment":[{"href":"https:\/\/wosip-rohrleitungsbau.de\/pl\/wp-json\/wp\/v2\/media?parent=258"}],"curies":[{"name":"wp","href":"https:\/\/api.w.org\/{rel}","templated":true}]}}