{"id":267,"date":"2018-10-05T14:13:25","date_gmt":"2018-10-05T12:13:25","guid":{"rendered":"http:\/\/neu.wosip-rohrleitungsbau.de\/leistung\/"},"modified":"2018-11-07T12:45:54","modified_gmt":"2018-11-07T11:45:54","slug":"uslugi","status":"publish","type":"page","link":"https:\/\/wosip-rohrleitungsbau.de\/pl\/uslugi\/","title":{"rendered":"Us\u0142ugi"},"content":{"rendered":"<p>[vc_section][vc_row dfd_row_responsive_enable=&#8221;dfd-row-responsive-enable&#8221; responsive_styles=&#8221;padding_left_tablet:10|padding_right_tablet:10|padding_left_mobile:10|padding_right_mobile:5&#8243;][vc_column width=&#8221;2\/3&#8243;][dfd_heading subtitle=&#8221;&#8221; content_alignment=&#8221;text-left&#8221; enable_delimiter=&#8221;&#8221; undefined=&#8221;&#8221; title_font_options=&#8221;tag:h4&#8243; subtitle_font_options=&#8221;tag:div&#8221;]Wykonywane us\u0142ugi[\/dfd_heading][dfd_spacer screen_wide_spacer_size=&#8221;70&#8243; screen_normal_resolution=&#8221;1024&#8243; screen_tablet_resolution=&#8221;800&#8243; screen_mobile_resolution=&#8221;480&#8243; screen_normal_spacer_size=&#8221;50&#8243; screen_tablet_spacer_size=&#8221;40&#8243; screen_mobile_spacer_size=&#8221;20&#8243;][vc_column_text]<strong>Jeste\u015bmy kompetentnym partnerem z do\u015bwiadczeniem przy wykonywaniu urz\u0105dze\u0144 dla:<\/strong>[\/vc_column_text][dfd_spacer screen_wide_spacer_size=&#8221;4&#8243; screen_normal_resolution=&#8221;1024&#8243; screen_tablet_resolution=&#8221;800&#8243; screen_mobile_resolution=&#8221;480&#8243; screen_normal_spacer_size=&#8221;4&#8243; screen_tablet_spacer_size=&#8221;2&#8243; screen_mobile_spacer_size=&#8221;2&#8243;][vc_row_inner][vc_column_inner width=&#8221;1\/2&#8243;][vc_column_text]\u2022 Przemys\u0142u chemicznego<br \/>\n\u2022 Przemys\u0142u spo\u017cywczego[\/vc_column_text][\/vc_column_inner][vc_column_inner width=&#8221;1\/2&#8243;][vc_column_text]\u2022 Przemys\u0142u petrochemicznego<br \/>\n\u2022 Przemys\u0142u samochodowego[\/vc_column_text][\/vc_column_inner][\/vc_row_inner][dfd_spacer screen_wide_spacer_size=&#8221;20&#8243; screen_normal_resolution=&#8221;1024&#8243; screen_tablet_resolution=&#8221;800&#8243; screen_mobile_resolution=&#8221;480&#8243;][vc_row_inner][vc_column_inner][vc_column_text]<strong>\u00a0Nasza specjalizacja:<\/strong><br \/>\n\u2022 Naprawa zbiornik\u00f3w<br \/>\n\u2022 Autoklawy<br \/>\n\u2022 Zbiorniki ci\u015bnieniowe<br \/>\n\u2022 Budowa konstrukcji przewodowych do grubo\u015bci \u015bcianek do 25 mm ze stali i stali szlachetnej<br \/>\n\u2022 Spawanie metod\u0105 WIG, WIG-MAG i elektrodami<br \/>\n\u2022 Monta\u017ce \/ demonta\u017ce<br \/>\n\u2022 Monta\u017c przyrz\u0105d\u00f3w specjalistycznych<br \/>\n\u2022 Prace konserwacyjne i rewizyjne<br \/>\n\u2022 Prace naprawcze<\/p>\n<p>Gwarantujemy fachowe i precyzyjne\u00a0\u00a0 wykonanie wszystkich prac.[\/vc_column_text][\/vc_column_inner][\/vc_row_inner][\/vc_column][vc_column width=&#8221;1\/3&#8243;][dfd_single_image image_alignment=&#8221;image-left&#8221; image=&#8221;74&#8243;][\/vc_column][\/vc_row][vc_row][vc_column][dfd_spacer screen_wide_spacer_size=&#8221;20&#8243; screen_normal_resolution=&#8221;1024&#8243; screen_tablet_resolution=&#8221;800&#8243; screen_mobile_resolution=&#8221;480&#8243;][vc_column_text]<strong>Szczeg\u00f3\u0142y dotycz\u0105ce wykonanych prac i monta\u017cy<\/strong><br \/>\n\u2022 Naprawy autoklaw, ruroci\u0105g\u00f3w, zbiornik\u00f3w,pojemnik\u00f3w paliwowych itp.<br \/>\n\u2022 Spawanie metod\u0105 WIG\/ MAG \/ MIG \/ elektrod\u0105 r\u0119czn\u0105<br \/>\n\u2022 Wykonanie ruroci\u0105g\u00f3w do grubo\u015bci \u015bcianki do 20 mm<br \/>\n\u2022 Kot\u0142y, zbiorniki, i ruroci\u0105gi dla przemys\u0142u spo\u017cywczego, samochodowego, petrochemicznego i chemicznego<br \/>\n\u2022 Wykonanie ruroci\u0105g\u00f3w wysokoci\u015bnieniowych do 1000 bar<br \/>\n\u2022 Wykonywanie pr\u00f3b ci\u015bnieniowych i pr\u00f3b szczelno\u015bci (woda i powietrze)<br \/>\n\u2022 Obr\u00f3bka materia\u0142\u00f3w specjalnych<\/p>\n<p><strong>Konserwacja urz\u0105dze\u0144<\/strong><br \/>\nProwadzimy prace konserwacyjne, naprawcze i prace utrzymuj\u0105ce sprawno\u015b\u0107 urz\u0105dze\u0144 przemys\u0142u chemicznego, petrochemicznego,\u00a0farmaceutycznego oraz elektrowni.<\/p>\n<p><strong>Przegl\u0105dy<\/strong><br \/>\n\u2022 Dokonujemy przegl\u0105d\u00f3w aparat\u00f3w, zbiornik\u00f3w, urz\u0105dze\u0144 rurowych<br \/>\n* rewizja (przegl\u0105d i pr\u00f3by\u00a0\u00a0 kontrolne)<br \/>\n\u2022 Monta\u017c aparat\u00f3w<br \/>\n\u2022 Armatury i aparaty<br \/>\n\u2022 Kolumny i ci\u0105gi kolumnowe<br \/>\n\u2022 Pompy i monta\u017c maszyn<br \/>\n* pod poj\u0119ciem Aparat rozumiemy urz\u0105dzenie o najwy\u017cszym stopniu skomplikowania, nale\u017c\u0105ce do wi\u0119kszego systemu przemys\u0142owego<\/p>\n<p><strong>Monta\u017c \/ demonta\u017c<\/strong><br \/>\nDokonujemy monta\u017cu i demonta\u017cu urz\u0105dze\u0144 wielkich i ma\u0142ych, dysponujemy wysoko wykwalifikowanymi specjalistami, kt\u00f3rzy potrafi\u0105 wykona\u0107 zlecone zadania.<br \/>\n\u2022 Monta\u017c \/ demonta\u017c przewod\u00f3w rurowych<br \/>\n\u2022 Budowa konstrukcji podtrzymuj\u0105cych<br \/>\nMonta\u017ce wt\u00f3rne obejmuj\u0105 realizacj\u0119, kontrol\u0119, regulacje i operacje specjalne.[\/vc_column_text][dfd_spacer screen_wide_spacer_size=&#8221;200&#8243; screen_normal_resolution=&#8221;1024&#8243; screen_tablet_resolution=&#8221;800&#8243; screen_mobile_resolution=&#8221;480&#8243; screen_normal_spacer_size=&#8221;100&#8243; screen_tablet_spacer_size=&#8221;60&#8243; screen_mobile_spacer_size=&#8221;20&#8243;][\/vc_column][\/vc_row][\/vc_section]<\/p>\n","protected":false},"excerpt":{"rendered":"<p>[vc_section][vc_row dfd_row_responsive_enable=&#8221;dfd-row-responsive-enable&#8221; responsive_styles=&#8221;padding_left_tablet:10|padding_right_tablet:10|padding_left_mobile:10|padding_right_mobile:5&#8243;][vc_column width=&#8221;2\/3&#8243;][dfd_heading subtitle=&#8221;&#8221; content_alignment=&#8221;text-left&#8221; enable_delimiter=&#8221;&#8221; undefined=&#8221;&#8221; title_font_options=&#8221;tag:h4&#8243; subtitle_font_options=&#8221;tag:div&#8221;]Wykonywane us\u0142ugi[\/dfd_heading][dfd_spacer screen_wide_spacer_size=&#8221;70&#8243; screen_normal_resolution=&#8221;1024&#8243; screen_tablet_resolution=&#8221;800&#8243; screen_mobile_resolution=&#8221;480&#8243; screen_normal_spacer_size=&#8221;50&#8243; screen_tablet_spacer_size=&#8221;40&#8243; screen_mobile_spacer_size=&#8221;20&#8243;][vc_column_text]Jeste\u015bmy kompetentnym partnerem z do\u015bwiadczeniem przy wykonywaniu urz\u0105dze\u0144 dla:[\/vc_column_text][dfd_spacer screen_wide_spacer_size=&#8221;4&#8243; screen_normal_resolution=&#8221;1024&#8243; screen_tablet_resolution=&#8221;800&#8243; screen_mobile_resolution=&#8221;480&#8243;<\/p>\n","protected":false},"author":2,"featured_media":0,"parent":0,"menu_order":0,"comment_status":"closed","ping_status":"closed","template":"","meta":[],"_links":{"self":[{"href":"https:\/\/wosip-rohrleitungsbau.de\/pl\/wp-json\/wp\/v2\/pages\/267"}],"collection":[{"href":"https:\/\/wosip-rohrleitungsbau.de\/pl\/wp-json\/wp\/v2\/pages"}],"about":[{"href":"https:\/\/wosip-rohrleitungsbau.de\/pl\/wp-json\/wp\/v2\/types\/page"}],"author":[{"embeddable":true,"href":"https:\/\/wosip-rohrleitungsbau.de\/pl\/wp-json\/wp\/v2\/users\/2"}],"replies":[{"embeddable":true,"href":"https:\/\/wosip-rohrleitungsbau.de\/pl\/wp-json\/wp\/v2\/comments?post=267"}],"version-history":[{"count":13,"href":"https:\/\/wosip-rohrleitungsbau.de\/pl\/wp-json\/wp\/v2\/pages\/267\/revisions"}],"predecessor-version":[{"id":732,"href":"https:\/\/wosip-rohrleitungsbau.de\/pl\/wp-json\/wp\/v2\/pages\/267\/revisions\/732"}],"wp:attachment":[{"href":"https:\/\/wosip-rohrleitungsbau.de\/pl\/wp-json\/wp\/v2\/media?parent=267"}],"curies":[{"name":"wp","href":"https:\/\/api.w.org\/{rel}","templated":true}]}}