{"id":277,"date":"2018-10-05T14:12:54","date_gmt":"2018-10-05T12:12:54","guid":{"rendered":"http:\/\/neu.wosip-rohrleitungsbau.de\/referenzen\/"},"modified":"2018-11-07T12:44:47","modified_gmt":"2018-11-07T11:44:47","slug":"referencje","status":"publish","type":"page","link":"https:\/\/wosip-rohrleitungsbau.de\/pl\/referencje\/","title":{"rendered":"Referencje"},"content":{"rendered":"<p>[vc_row][vc_column][dfd_heading subtitle=&#8221;&#8221; content_alignment=&#8221;text-left&#8221; enable_delimiter=&#8221;&#8221; undefined=&#8221;&#8221; title_font_options=&#8221;tag:h4&#8243; subtitle_font_options=&#8221;tag:div&#8221;]Nasze referencje[\/dfd_heading][dfd_spacer screen_wide_spacer_size=&#8221;70&#8243; screen_normal_resolution=&#8221;1024&#8243; screen_tablet_resolution=&#8221;800&#8243; screen_mobile_resolution=&#8221;480&#8243; screen_normal_spacer_size=&#8221;50&#8243; screen_tablet_spacer_size=&#8221;40&#8243; screen_mobile_spacer_size=&#8221;20&#8243;][vc_column_text]Do najbardziej znanych prac, kt\u00f3re wykonali\u015bmy nale\u017cy dach miedziany wykonany z okazji 20-lecia partnerstwa z miastem Shanghai (Chiny). Konstrukcja o d\u0142ugo\u015bci 7 m i wysoko\u015bci 4 m, zosta\u0142a umieszczona na pocz\u0105tku tygodnia jubileuszowego na pontonie p\u0142ywaj\u0105cym w centralnym jeziorze miasta Hamburg Binnenalster, jako widoczny z daleka symbol i zwiastun szcz\u0119\u015bcia CHINA TIME 2006. Natomiast smoka zbudowa\u0142 na zlecenie firmy Norddeutsche Affinerie AG polski rze\u017abiarz Adam Ostrowski.<\/p>\n<p>My sporz\u0105dzili\u015bmy konstrukcj\u0119 g\u0142\u00f3wn\u0105 i wszystkie cz\u0119\u015bci blachy p\u0142askiej, kt\u00f3re dopracowane by\u0142y r\u0119cznie.[\/vc_column_text][dfd_spacer screen_wide_spacer_size=&#8221;30&#8243; screen_normal_resolution=&#8221;1024&#8243; screen_tablet_resolution=&#8221;800&#8243; screen_mobile_resolution=&#8221;480&#8243; screen_normal_spacer_size=&#8221;20&#8243; screen_tablet_spacer_size=&#8221;10&#8243; screen_mobile_spacer_size=&#8221;5&#8243;][vc_row_inner][vc_column_inner width=&#8221;1\/2&#8243;][vc_column_text]\u2022 Kliewe GmbH Hamburg<br \/>\n\u2022 Rudolf Richers GmbH Hamburg<br \/>\n\u2022 KNAACK &amp;amp; JAHN GmbH Hamburg<br \/>\n\u2022 Oschatz GmbH Essen<br \/>\n\u2022 Nordmilch eG Werk Hohenweststedt<br \/>\n\u2022 Alfa Laval Holding GmbH Glinde<br \/>\n\u2022 Volkswagen AG, Werk Salzgitter<br \/>\n\u2022 Volkswagen AG, Werk Wolfsburg<br \/>\n\u2022 Vopak GmbH Hamburg<br \/>\n\u2022 Nordische \u00d6lwerke GmbH &amp;amp; Co. KG Hamburg<br \/>\n\u2022 Noske Kaeser GmbH Hamburg<br \/>\n\u2022 Oschatz GmbH Essen<br \/>\n\u2022 Rhein Papier GmbH H\u00fcrth<br \/>\n\u2022 Vattenfall Europe AG Boxberg<br \/>\n\u2022 Nietfeld Feinkost GmbH Dinklage<br \/>\n\u2022 Kr\u00f6ger Anlagenbau GmbH Carinerland\/ OT Moitin[\/vc_column_text][\/vc_column_inner][vc_column_inner width=&#8221;1\/2&#8243;][vc_column_text]\u2022 IRB Rohrco GmbH Bremen<br \/>\n\u2022 ABR GmbH Valluhn<br \/>\n\u2022 Heinze Gothe GmbH M\u00f6nchengladbach<br \/>\n\u2022 Lactoprot Deutschland GmbH Leezen<br \/>\n\u2022 Synthopol Chemie GmbH &amp; Co. KG Buxtehude<br \/>\n\u2022 Beiersdorf AG Hamburg<br \/>\n\u2022 Volkswagen AG, Werk Kassel<br \/>\n\u2022 Grund Anlagenbau GmbH &amp; Co. KG Handewit<br \/>\n\u2022 BP Europa SE Hamburg<br \/>\n\u2022 ADM Noblee AG Hamburg<br \/>\n\u2022 IRMA GmbH Hamburg<br \/>\n\u2022 Flughafen Sch\u00f6nefeld Berlin<br \/>\n\u2022 Edelstahl Jansen GmbH &amp; Co. KG Wassenberg<br \/>\n\u2022 Norddeutsche Affinerie AG Hamburg (Aurubis)<br \/>\n\u2022 HL Anlagentechnik GmbH Warendorf<br \/>\n\u2022 H+E Protec GmbH Neum\u00fcnster[\/vc_column_text][\/vc_column_inner][\/vc_row_inner][dfd_spacer screen_wide_spacer_size=&#8221;30&#8243; screen_normal_resolution=&#8221;1024&#8243; screen_tablet_resolution=&#8221;800&#8243; screen_mobile_resolution=&#8221;480&#8243; screen_normal_spacer_size=&#8221;20&#8243; screen_tablet_spacer_size=&#8221;10&#8243; screen_mobile_spacer_size=&#8221;5&#8243;][dfd_simple_image_gallery dfd_layer_image=&#8221;89,86,83&#8243; items_offset=&#8221;20&#8243; lightbox=&#8221;&#8221; image_width=&#8221;&#8221; image_height=&#8221;&#8221; isotope_columns=&#8221;3&#8243; images_style=&#8221;fitRows&#8221;][dfd_spacer screen_wide_spacer_size=&#8221;200&#8243; screen_normal_resolution=&#8221;1024&#8243; screen_tablet_resolution=&#8221;800&#8243; screen_mobile_resolution=&#8221;480&#8243; screen_normal_spacer_size=&#8221;100&#8243; screen_tablet_spacer_size=&#8221;60&#8243; screen_mobile_spacer_size=&#8221;20&#8243;][\/vc_column][\/vc_row]<\/p>\n","protected":false},"excerpt":{"rendered":"<p>[vc_row][vc_column][dfd_heading subtitle=&#8221;&#8221; content_alignment=&#8221;text-left&#8221; enable_delimiter=&#8221;&#8221; undefined=&#8221;&#8221; title_font_options=&#8221;tag:h4&#8243; subtitle_font_options=&#8221;tag:div&#8221;]Nasze referencje[\/dfd_heading][dfd_spacer screen_wide_spacer_size=&#8221;70&#8243; screen_normal_resolution=&#8221;1024&#8243; screen_tablet_resolution=&#8221;800&#8243; screen_mobile_resolution=&#8221;480&#8243; screen_normal_spacer_size=&#8221;50&#8243; screen_tablet_spacer_size=&#8221;40&#8243; screen_mobile_spacer_size=&#8221;20&#8243;][vc_column_text]Do najbardziej znanych prac, kt\u00f3re wykonali\u015bmy nale\u017cy dach miedziany wykonany z okazji 20-lecia partnerstwa z miastem<\/p>\n","protected":false},"author":2,"featured_media":0,"parent":0,"menu_order":0,"comment_status":"closed","ping_status":"closed","template":"","meta":[],"_links":{"self":[{"href":"https:\/\/wosip-rohrleitungsbau.de\/pl\/wp-json\/wp\/v2\/pages\/277"}],"collection":[{"href":"https:\/\/wosip-rohrleitungsbau.de\/pl\/wp-json\/wp\/v2\/pages"}],"about":[{"href":"https:\/\/wosip-rohrleitungsbau.de\/pl\/wp-json\/wp\/v2\/types\/page"}],"author":[{"embeddable":true,"href":"https:\/\/wosip-rohrleitungsbau.de\/pl\/wp-json\/wp\/v2\/users\/2"}],"replies":[{"embeddable":true,"href":"https:\/\/wosip-rohrleitungsbau.de\/pl\/wp-json\/wp\/v2\/comments?post=277"}],"version-history":[{"count":11,"href":"https:\/\/wosip-rohrleitungsbau.de\/pl\/wp-json\/wp\/v2\/pages\/277\/revisions"}],"predecessor-version":[{"id":729,"href":"https:\/\/wosip-rohrleitungsbau.de\/pl\/wp-json\/wp\/v2\/pages\/277\/revisions\/729"}],"wp:attachment":[{"href":"https:\/\/wosip-rohrleitungsbau.de\/pl\/wp-json\/wp\/v2\/media?parent=277"}],"curies":[{"name":"wp","href":"https:\/\/api.w.org\/{rel}","templated":true}]}}