{"id":297,"date":"2018-10-05T14:11:22","date_gmt":"2018-10-05T12:11:22","guid":{"rendered":"http:\/\/neu.wosip-rohrleitungsbau.de\/impressum\/"},"modified":"2018-11-07T12:40:51","modified_gmt":"2018-11-07T11:40:51","slug":"impressum","status":"publish","type":"page","link":"https:\/\/wosip-rohrleitungsbau.de\/pl\/impressum\/","title":{"rendered":"Impressum"},"content":{"rendered":"<p>[vc_section][vc_row dfd_row_responsive_enable=&#8221;dfd-row-responsive-enable&#8221; responsive_styles=&#8221;padding_left_tablet:10|padding_right_tablet:10|padding_left_mobile:10|padding_right_mobile:5&#8243;][vc_column][dfd_heading subtitle=&#8221;&#8221; content_alignment=&#8221;text-left&#8221; enable_delimiter=&#8221;&#8221; undefined=&#8221;&#8221; title_font_options=&#8221;tag:h4&#8243; subtitle_font_options=&#8221;tag:div&#8221;]Impressum[\/dfd_heading][dfd_spacer screen_wide_spacer_size=&#8221;70&#8243; screen_normal_resolution=&#8221;1024&#8243; screen_tablet_resolution=&#8221;800&#8243; screen_mobile_resolution=&#8221;480&#8243; screen_normal_spacer_size=&#8221;50&#8243; screen_tablet_spacer_size=&#8221;40&#8243; screen_mobile_spacer_size=&#8221;20&#8243;][vc_column_text]<\/p>\n<h4>WOSIP GmbH<\/h4>\n<p>Beh\u00e4lter-, Apparate-, Rohrleitungs und Anlagenbau<br \/>\nGeorg-Wilhelm-Str 305<br \/>\n21107 Hamburg<\/p>\n<p>Telefon: 040-317 051 92<br \/>\nFax:\u00a0\u00a0\u00a0\u00a0\u00a0 040-317 051 94<br \/>\nMobil: \u00a0 0172-741 280 0<\/p>\n<p><a href=\"mailto:info@wosip-rohrleitungsbau.de\"><span style=\"color: #7b7b7b;\">info@wosip-rohrleitungsbau.de<\/span><\/a><\/p>\n<p><strong>Dyrektor:<\/strong><br \/>\nPawel Szczodroch<\/p>\n<p>Amtsgericht Hamburg<br \/>\nHRB 125702<br \/>\nUSt.-Nr.: DE 287 383 875<\/p>\n<p><strong>Programowanie:<\/strong><br \/>\nAlexander L\u00f6tsch<br \/>\n<span style=\"color: #7b7b7b;\"><a style=\"color: #7b7b7b;\" title=\"Webdesign aus Hamburg, my easy homepage, Alexander L\u00f6tsch\" href=\"http:\/\/www.loetsch-design.de\" target=\"_blank\" rel=\"noopener\">www.loetsch-design.de<\/a><\/span><\/p>\n<p><strong>Uwagi prawne dotycz\u0105ce odpowiedzialno\u015bci i reklamacji<\/strong>Starali\u015bmy si\u0119, aby wszystkie informacje zawarte w naszej prezentacji internetowej by\u0142y zgodne z rzeczywisto\u015bci\u0105 i aktualne. Mimo to nie mo\u017cemy ca\u0142kowicie wykluczy\u0107 pewnych b\u0142\u0119d\u00f3w i niejasno\u015bci. Dlatego nie przejmujemy odpowiedzialno\u015bci za aktualno\u015b\u0107, zgodno\u015b\u0107, wyczerpuj\u0105cy kszta\u0142t lub jako\u015b\u0107 informacji internetowych. Nie odpowiadamy, w zwi\u0105zku z tym, za szkody materialne i niematerialne, kt\u00f3re mog\u0105 powsta\u0107 w wyniku korzystanie lub niewykorzystanie informacji, lub te\u017c wykorzystania informacji b\u0142\u0119dnych albo niekompletnych w spos\u00f3b po\u015bredni lub bezpo\u015bredni, chyba, \u017ce zostanie nam udowodnione dzia\u0142anie zamierzone lub grube zaniedbanie. \u2028To samo dotyczy wszystkich download, kt\u00f3re do\u0142\u0105czone s\u0105 jako linki bezp\u0142atne. Zastrzegamy sobie, \u017ce mo\u017cemy zmieni\u0107, uzupe\u0142ni\u0107, albo uniewa\u017cni\u0107 ca\u0142\u0105 ofert\u0119 internetow\u0105 lub jej poszczeg\u00f3lne cz\u0119\u015bci, bez specjalnej zapowiedzi. Zastrzegamy sobie tak\u017ce prawo do czasowego lub ca\u0142kowitego wygaszania informacji.<\/p>\n<p>Wszystkie oferty wyst\u0119puj\u0105ce w internecie s\u0105 nieobowi\u0105zuj\u0105ce i maj\u0105 charakter niewi\u0105\u017c\u0105cy. Tre\u015b\u0107 strony chroniona jest prawem autorskim, prawem w\u0142asno\u015bci firmowej oraz innymi przepisami s\u0142u\u017c\u0105cymi do ochrony w\u0142asno\u015bci intelektualnej. Kopiowanie, przekazywanie, zmiana lub wykorzystanie danych z naszej strony do cel\u00f3w dzia\u0142alno\u015bci gospodarczej, nawet w fragmentach,\u00a0 s\u0105\u00a0 zabronione i bez otrzymania naszej zgody.[\/vc_column_text][dfd_spacer screen_wide_spacer_size=&#8221;200&#8243; screen_normal_resolution=&#8221;1024&#8243; screen_tablet_resolution=&#8221;800&#8243; screen_mobile_resolution=&#8221;480&#8243; screen_normal_spacer_size=&#8221;100&#8243; screen_tablet_spacer_size=&#8221;60&#8243; screen_mobile_spacer_size=&#8221;20&#8243;][\/vc_column][\/vc_row][\/vc_section]<\/p>\n","protected":false},"excerpt":{"rendered":"<p>[vc_section][vc_row dfd_row_responsive_enable=&#8221;dfd-row-responsive-enable&#8221; responsive_styles=&#8221;padding_left_tablet:10|padding_right_tablet:10|padding_left_mobile:10|padding_right_mobile:5&#8243;][vc_column][dfd_heading subtitle=&#8221;&#8221; content_alignment=&#8221;text-left&#8221; enable_delimiter=&#8221;&#8221; undefined=&#8221;&#8221; title_font_options=&#8221;tag:h4&#8243; subtitle_font_options=&#8221;tag:div&#8221;]Impressum[\/dfd_heading][dfd_spacer screen_wide_spacer_size=&#8221;70&#8243; screen_normal_resolution=&#8221;1024&#8243; screen_tablet_resolution=&#8221;800&#8243; screen_mobile_resolution=&#8221;480&#8243; screen_normal_spacer_size=&#8221;50&#8243; screen_tablet_spacer_size=&#8221;40&#8243; screen_mobile_spacer_size=&#8221;20&#8243;][vc_column_text] WOSIP GmbH Beh\u00e4lter-, Apparate-, Rohrleitungs und Anlagenbau Georg-Wilhelm-Str 305 21107 Hamburg Telefon: 040-317 051<\/p>\n","protected":false},"author":2,"featured_media":0,"parent":0,"menu_order":0,"comment_status":"closed","ping_status":"closed","template":"","meta":[],"_links":{"self":[{"href":"https:\/\/wosip-rohrleitungsbau.de\/pl\/wp-json\/wp\/v2\/pages\/297"}],"collection":[{"href":"https:\/\/wosip-rohrleitungsbau.de\/pl\/wp-json\/wp\/v2\/pages"}],"about":[{"href":"https:\/\/wosip-rohrleitungsbau.de\/pl\/wp-json\/wp\/v2\/types\/page"}],"author":[{"embeddable":true,"href":"https:\/\/wosip-rohrleitungsbau.de\/pl\/wp-json\/wp\/v2\/users\/2"}],"replies":[{"embeddable":true,"href":"https:\/\/wosip-rohrleitungsbau.de\/pl\/wp-json\/wp\/v2\/comments?post=297"}],"version-history":[{"count":10,"href":"https:\/\/wosip-rohrleitungsbau.de\/pl\/wp-json\/wp\/v2\/pages\/297\/revisions"}],"predecessor-version":[{"id":720,"href":"https:\/\/wosip-rohrleitungsbau.de\/pl\/wp-json\/wp\/v2\/pages\/297\/revisions\/720"}],"wp:attachment":[{"href":"https:\/\/wosip-rohrleitungsbau.de\/pl\/wp-json\/wp\/v2\/media?parent=297"}],"curies":[{"name":"wp","href":"https:\/\/api.w.org\/{rel}","templated":true}]}}